{"id":870,"date":"2021-01-14T14:00:37","date_gmt":"2021-01-14T12:00:37","guid":{"rendered":"https:\/\/www.enter2.eu\/home-2\/"},"modified":"2021-07-16T17:00:00","modified_gmt":"2021-07-16T15:00:00","slug":"home-3","status":"publish","type":"page","link":"https:\/\/www.enter2.eu\/it\/","title":{"rendered":"IT_Home"},"content":{"rendered":"\n<div class=\"wp-block-cover alignfull has-background-dim-30 has-background-dim\" style=\"min-height:632px;aspect-ratio:unset;\"><video class=\"wp-block-cover__video-background intrinsic-ignore\" autoplay muted loop playsinline src=\"https:\/\/www.enter2.eu\/app\/wp-content\/uploads\/2021\/03\/film-enter_2.mp4\" style=\"object-position:44% 42%\" data-object-fit=\"cover\" data-object-position=\"44% 42%\"><\/video><div class=\"wp-block-cover__inner-container is-layout-flow wp-block-cover-is-layout-flow\">\n<p class=\"has-text-align-center has-large-font-size\"><\/p>\n<\/div><\/div>\n\n\n\n<h2 class=\"has-text-align-center wp-block-heading\" id=\"desprenoi\"><strong><em><strong><em><strong><em><strong><em>Avanti con passione<\/em><\/strong><\/em><\/strong><\/em><\/strong><\/em><\/strong><\/h2>\n\n\n\n<p><em>La passione \u00e8 al centro di tutto quello che facciamo. E&#8217; quello che ci tiene ancorati alla realt\u00e0, quello che ci rende migliori, quello che ci ha sempre spinto nell\u2019innovazione dell&#8217;industria tessile, quello che ci ha fatto crescere e quello che ha reso famosi per il nostro lavoro.<\/em><\/p>\n\n\n\n<p><em>Affrontiamo ogni passo della nostra vita professionale con passione: ogni momento, ogni articolo che nasce nella nostra fabbrica, ogni nostra collaborazione con il cliente, ci assicurano che metteremo sempre con la passione nel nostro lavoro.<\/em><\/p>\n\n\n\n<p><em>Questo \u00e8 il nostro valore principale che ci ha guidato fino ad oggi. Sin dal 2001, quando la nostra fabbrica \u00e8 stata fondata da un azionariato Italo-Rumeno, abbiamo costruito un business fondato sulla dedizione straordinaria per il prodotto, sull\u2019alta cura per il dettaglio e sull\u2019impegno incredibile per consegnare ai nostri clienti prodotti della pi\u00f9 alta qualit\u00e0 possibile.<\/em><\/p>\n\n\n\n<div class=\"wp-block-columns is-style-default tw-gutter-no tw-cols-stack-sm has-text-align-center is-layout-flex wp-container-core-columns-is-layout-1 wp-block-columns-is-layout-flex\">\n<div class=\"wp-block-column is-layout-flow wp-block-column-is-layout-flow\">\n<figure class=\"wp-block-image size-large\"><img loading=\"lazy\" decoding=\"async\" width=\"1024\" height=\"1024\" src=\"https:\/\/www.enter2.eu\/app\/wp-content\/uploads\/2021\/04\/a3f2aaef-4e0f-4650-b00d-6d9bbf62e7ac-1024x1024.jpeg\" alt=\"\" class=\"wp-image-258\" srcset=\"https:\/\/www.enter2.eu\/app\/wp-content\/uploads\/2021\/04\/a3f2aaef-4e0f-4650-b00d-6d9bbf62e7ac-1024x1024.jpeg 1024w, https:\/\/www.enter2.eu\/app\/wp-content\/uploads\/2021\/04\/a3f2aaef-4e0f-4650-b00d-6d9bbf62e7ac-300x300.jpeg 300w, https:\/\/www.enter2.eu\/app\/wp-content\/uploads\/2021\/04\/a3f2aaef-4e0f-4650-b00d-6d9bbf62e7ac-150x150.jpeg 150w, https:\/\/www.enter2.eu\/app\/wp-content\/uploads\/2021\/04\/a3f2aaef-4e0f-4650-b00d-6d9bbf62e7ac-768x768.jpeg 768w, https:\/\/www.enter2.eu\/app\/wp-content\/uploads\/2021\/04\/a3f2aaef-4e0f-4650-b00d-6d9bbf62e7ac.jpeg 1080w\" sizes=\"auto, (max-width: 1024px) 100vw, 1024px\" \/><\/figure>\n<\/div>\n\n\n\n<div class=\"wp-block-column is-layout-flow wp-block-column-is-layout-flow\">\n<figure class=\"wp-block-image size-large is-resized\"><img loading=\"lazy\" decoding=\"async\" src=\"https:\/\/www.enter2.eu\/app\/wp-content\/uploads\/2021\/07\/28-1-950x1024.jpg\" alt=\"\" class=\"wp-image-715\" width=\"400\" height=\"400\"\/><\/figure>\n<\/div>\n\n\n\n<div class=\"wp-block-column is-layout-flow wp-block-column-is-layout-flow\">\n<figure class=\"wp-block-image size-large\"><img loading=\"lazy\" decoding=\"async\" width=\"1024\" height=\"1024\" src=\"https:\/\/www.enter2.eu\/app\/wp-content\/uploads\/2021\/04\/10eb7e12-ee51-4d05-a315-4f21ce7f4088-1024x1024.jpeg\" alt=\"\" class=\"wp-image-252\" srcset=\"https:\/\/www.enter2.eu\/app\/wp-content\/uploads\/2021\/04\/10eb7e12-ee51-4d05-a315-4f21ce7f4088-1024x1024.jpeg 1024w, https:\/\/www.enter2.eu\/app\/wp-content\/uploads\/2021\/04\/10eb7e12-ee51-4d05-a315-4f21ce7f4088-300x300.jpeg 300w, https:\/\/www.enter2.eu\/app\/wp-content\/uploads\/2021\/04\/10eb7e12-ee51-4d05-a315-4f21ce7f4088-150x150.jpeg 150w, https:\/\/www.enter2.eu\/app\/wp-content\/uploads\/2021\/04\/10eb7e12-ee51-4d05-a315-4f21ce7f4088-768x768.jpeg 768w, https:\/\/www.enter2.eu\/app\/wp-content\/uploads\/2021\/04\/10eb7e12-ee51-4d05-a315-4f21ce7f4088.jpeg 1080w\" sizes=\"auto, (max-width: 1024px) 100vw, 1024px\" \/><\/figure>\n<\/div>\n<\/div>\n\n\n\n<div class=\"wp-block-columns tw-mt-4 tw-mb-0 procesul is-layout-flex wp-container-core-columns-is-layout-2 wp-block-columns-is-layout-flex\">\n<div class=\"wp-block-column tw-mt-4 is-layout-flow wp-block-column-is-layout-flow\">\n<figure class=\"wp-block-image size-large tw-mt-0\"><img loading=\"lazy\" decoding=\"async\" width=\"1024\" height=\"682\" src=\"https:\/\/www.enter2.eu\/app\/wp-content\/uploads\/2021\/07\/51.1-1024x682.jpg\" alt=\"\" class=\"wp-image-751\" srcset=\"https:\/\/www.enter2.eu\/app\/wp-content\/uploads\/2021\/07\/51.1-1024x682.jpg 1024w, https:\/\/www.enter2.eu\/app\/wp-content\/uploads\/2021\/07\/51.1-300x200.jpg 300w, https:\/\/www.enter2.eu\/app\/wp-content\/uploads\/2021\/07\/51.1-768x511.jpg 768w, https:\/\/www.enter2.eu\/app\/wp-content\/uploads\/2021\/07\/51.1-1536x1022.jpg 1536w, https:\/\/www.enter2.eu\/app\/wp-content\/uploads\/2021\/07\/51.1-2048x1363.jpg 2048w, https:\/\/www.enter2.eu\/app\/wp-content\/uploads\/2021\/07\/51.1-1568x1044.jpg 1568w\" sizes=\"auto, (max-width: 1024px) 100vw, 1024px\" \/><\/figure>\n<\/div>\n\n\n\n<div class=\"wp-block-column is-layout-flow wp-block-column-is-layout-flow\">\n<p class=\"tw-mt-5\"><strong><em><strong><em><strong><em><strong><em><strong><em>Il nostro sogno<\/em><\/strong><\/em><\/strong><\/em><\/strong><\/em><\/strong><\/em><\/strong><\/p>\n\n\n\n<p><em>Sin dal momento in cui il nostro business ha iniziato ad ingrandirsi, il nostro azionariato, che era gi\u00e0 impegnato nella guida di un&#8217;altra realt\u00e0 nello stesso settore, ha sentito l\u2019esigenza di espandersi. Fu in quel momento che abbiamo realizzato di dover crescere, e di come ci fosse l\u2019esigenza di aprire una nuova realt\u00e0 produttiva. E\u2019 stato il momento in cui Enter 2 \u00e8 nata.<\/em><\/p>\n\n\n\n<p><em>Il nostro sogno \u00e8 sempre stato quello di poter realizzare prodotti eccezionali nell&#8217;industria tessile, di poter aiutare i nostri clienti ad ottenere i risultati desiderati nel pi\u00f9 breve tempo possibile. Abbiamo perci\u00f2 deciso che fosse giunto il momento di alzare, ancora di pi\u00f9, gli standard qualitativi nell&#8217;industria tessile, di aprire una fabbrica che funzionasse per prima sulla base della passione.<\/em><\/p>\n<\/div>\n<\/div>\n\n\n\n<div class=\"wp-block-columns tw-mt-0 materiale is-layout-flex wp-container-core-columns-is-layout-4 wp-block-columns-is-layout-flex\">\n<div class=\"wp-block-column tw-mt-5 is-layout-flow wp-block-column-is-layout-flow\">\n<p class=\"tw-mt-5\"><strong><em><strong><em><strong><em><strong><em><strong><em><strong><em><strong><em>Il nostro processo di produzione<\/em><\/strong><\/em><\/strong><\/em><\/strong><\/em><\/strong><\/em><\/strong><\/em><\/strong><\/em><\/strong><\/p>\n\n\n\n<p><em>Se la passione ci ha portato questo spirito, la nostra capacit\u00e0 di produrre capi di abbigliamento \u00e8 stata quella che ha reso possibile trasformare il sogno in realt\u00e0.<\/em><\/p>\n\n\n\n<p><em>I macchinari di alta qualit\u00e0, la squadra straordinaria del nostro personale, ed il rispetto verso il &nbsp;lavoro sono solo alcuni degli elementi che rendono Enter 2 la fabbrica ideale per avere un partner produttivo di successo.<\/em><\/p>\n<\/div>\n\n\n\n<div class=\"wp-block-column is-layout-flow wp-block-column-is-layout-flow\">\n<div class=\"wp-block-columns alignwide are-vertically-aligned-center is-style-twentytwentyone-columns-overlap is-layout-flex wp-container-core-columns-is-layout-3 wp-block-columns-is-layout-flex\">\n<div class=\"wp-block-column is-vertically-aligned-center is-layout-flow wp-block-column-is-layout-flow\">\n<figure class=\"wp-block-image alignfull size-large first-production\"><img loading=\"lazy\" decoding=\"async\" width=\"1024\" height=\"690\" src=\"https:\/\/www.enter2.eu\/app\/wp-content\/uploads\/2021\/06\/1-1024x690.jpg\" alt=\"\" class=\"wp-image-387\" srcset=\"https:\/\/www.enter2.eu\/app\/wp-content\/uploads\/2021\/06\/1-1024x690.jpg 1024w, https:\/\/www.enter2.eu\/app\/wp-content\/uploads\/2021\/06\/1-300x202.jpg 300w, https:\/\/www.enter2.eu\/app\/wp-content\/uploads\/2021\/06\/1-768x518.jpg 768w, https:\/\/www.enter2.eu\/app\/wp-content\/uploads\/2021\/06\/1-1536x1035.jpg 1536w, https:\/\/www.enter2.eu\/app\/wp-content\/uploads\/2021\/06\/1-2048x1381.jpg 2048w, https:\/\/www.enter2.eu\/app\/wp-content\/uploads\/2021\/06\/1-1568x1057.jpg 1568w\" sizes=\"auto, (max-width: 1024px) 100vw, 1024px\" \/><\/figure>\n\n\n\n<figure class=\"wp-block-image alignfull size-large\"><img loading=\"lazy\" decoding=\"async\" width=\"1024\" height=\"643\" src=\"https:\/\/www.enter2.eu\/app\/wp-content\/uploads\/2021\/06\/2-1024x643.jpg\" alt=\"\" class=\"wp-image-390\" srcset=\"https:\/\/www.enter2.eu\/app\/wp-content\/uploads\/2021\/06\/2-1024x643.jpg 1024w, https:\/\/www.enter2.eu\/app\/wp-content\/uploads\/2021\/06\/2-300x188.jpg 300w, https:\/\/www.enter2.eu\/app\/wp-content\/uploads\/2021\/06\/2-768x482.jpg 768w, https:\/\/www.enter2.eu\/app\/wp-content\/uploads\/2021\/06\/2-1536x964.jpg 1536w, https:\/\/www.enter2.eu\/app\/wp-content\/uploads\/2021\/06\/2-2048x1286.jpg 2048w, https:\/\/www.enter2.eu\/app\/wp-content\/uploads\/2021\/06\/2-1568x984.jpg 1568w\" sizes=\"auto, (max-width: 1024px) 100vw, 1024px\" \/><\/figure>\n<\/div>\n\n\n\n<div class=\"wp-block-column is-vertically-aligned-center is-layout-flow wp-block-column-is-layout-flow\">\n<div style=\"height:1px\" aria-hidden=\"true\" class=\"wp-block-spacer\"><\/div>\n\n\n\n<figure class=\"wp-block-image size-large is-resized alignfull size-full\"><img loading=\"lazy\" decoding=\"async\" src=\"https:\/\/www.enter2.eu\/app\/wp-content\/uploads\/2021\/06\/4-768x1024.jpg\" alt=\"\" class=\"wp-image-396\" width=\"768\" height=\"1024\" srcset=\"https:\/\/www.enter2.eu\/app\/wp-content\/uploads\/2021\/06\/4-768x1024.jpg 768w, https:\/\/www.enter2.eu\/app\/wp-content\/uploads\/2021\/06\/4-225x300.jpg 225w, https:\/\/www.enter2.eu\/app\/wp-content\/uploads\/2021\/06\/4-1152x1536.jpg 1152w, https:\/\/www.enter2.eu\/app\/wp-content\/uploads\/2021\/06\/4-1536x2048.jpg 1536w, https:\/\/www.enter2.eu\/app\/wp-content\/uploads\/2021\/06\/4-1568x2091.jpg 1568w, https:\/\/www.enter2.eu\/app\/wp-content\/uploads\/2021\/06\/4-scaled.jpg 1920w\" sizes=\"auto, (max-width: 768px) 100vw, 768px\" \/><\/figure>\n<\/div>\n<\/div>\n<\/div>\n<\/div>\n\n\n\n<div class=\"wp-block-columns tw-mb-4 tw-mt-4 procesul is-layout-flex wp-container-core-columns-is-layout-5 wp-block-columns-is-layout-flex\">\n<div class=\"wp-block-column tw-mt-4 is-layout-flow wp-block-column-is-layout-flow\">\n<figure class=\"wp-block-image size-large tw-mt-0\"><img loading=\"lazy\" decoding=\"async\" width=\"1024\" height=\"680\" src=\"https:\/\/www.enter2.eu\/app\/wp-content\/uploads\/2021\/07\/27-1024x680.jpg\" alt=\"\" class=\"wp-image-712\" srcset=\"https:\/\/www.enter2.eu\/app\/wp-content\/uploads\/2021\/07\/27-1024x680.jpg 1024w, https:\/\/www.enter2.eu\/app\/wp-content\/uploads\/2021\/07\/27-300x199.jpg 300w, https:\/\/www.enter2.eu\/app\/wp-content\/uploads\/2021\/07\/27-768x510.jpg 768w, https:\/\/www.enter2.eu\/app\/wp-content\/uploads\/2021\/07\/27-1536x1020.jpg 1536w, https:\/\/www.enter2.eu\/app\/wp-content\/uploads\/2021\/07\/27-2048x1360.jpg 2048w, https:\/\/www.enter2.eu\/app\/wp-content\/uploads\/2021\/07\/27-1568x1041.jpg 1568w\" sizes=\"auto, (max-width: 1024px) 100vw, 1024px\" \/><\/figure>\n<\/div>\n\n\n\n<div class=\"wp-block-column is-layout-flow wp-block-column-is-layout-flow\">\n<p class=\"tw-mt-5\"><strong><em><strong><em><strong><em><strong><em><strong><em><strong><em>I nostri materiali<\/em><\/strong><\/em><\/strong><\/em><\/strong><\/em><\/strong><\/em><\/strong><\/em><\/strong><\/p>\n\n\n\n<p><em><em><em><em><em>Oltre alla squadra ed alla tecnologia, l&#8217;arte consiste anche nei materiali che scegliamo di usare. La cura per il dettaglio porta alla confezione di un prodotto finale di alta qualit\u00e0 e di massima soddisfazione dalla parte dei nostri clienti.<\/em><\/em><\/em><\/em><\/em><\/p>\n<\/div>\n<\/div>\n\n\n\n<div class=\"wp-block-columns tw-gutter-no tw-cols-stack-sm has-text-align-center is-layout-flex wp-container-core-columns-is-layout-6 wp-block-columns-is-layout-flex\">\n<div class=\"wp-block-column is-layout-flow wp-block-column-is-layout-flow\">\n<figure class=\"wp-block-image size-large\"><img loading=\"lazy\" decoding=\"async\" width=\"1024\" height=\"1024\" src=\"https:\/\/www.enter2.eu\/app\/wp-content\/uploads\/2021\/04\/c8da0444-f66c-41a1-9c5e-3b5fa658c94b-1024x1024.jpeg\" alt=\"\" class=\"wp-image-284\" srcset=\"https:\/\/www.enter2.eu\/app\/wp-content\/uploads\/2021\/04\/c8da0444-f66c-41a1-9c5e-3b5fa658c94b-1024x1024.jpeg 1024w, https:\/\/www.enter2.eu\/app\/wp-content\/uploads\/2021\/04\/c8da0444-f66c-41a1-9c5e-3b5fa658c94b-300x300.jpeg 300w, https:\/\/www.enter2.eu\/app\/wp-content\/uploads\/2021\/04\/c8da0444-f66c-41a1-9c5e-3b5fa658c94b-150x150.jpeg 150w, https:\/\/www.enter2.eu\/app\/wp-content\/uploads\/2021\/04\/c8da0444-f66c-41a1-9c5e-3b5fa658c94b-768x768.jpeg 768w, https:\/\/www.enter2.eu\/app\/wp-content\/uploads\/2021\/04\/c8da0444-f66c-41a1-9c5e-3b5fa658c94b.jpeg 1080w\" sizes=\"auto, (max-width: 1024px) 100vw, 1024px\" \/><\/figure>\n<\/div>\n\n\n\n<div class=\"wp-block-column is-layout-flow wp-block-column-is-layout-flow\">\n<figure class=\"wp-block-image size-large\"><img loading=\"lazy\" decoding=\"async\" width=\"1024\" height=\"1024\" src=\"https:\/\/www.enter2.eu\/app\/wp-content\/uploads\/2021\/04\/88ef9013-4599-4104-b34c-69b8cda627a1-1024x1024.jpeg\" alt=\"\" class=\"wp-image-287\" srcset=\"https:\/\/www.enter2.eu\/app\/wp-content\/uploads\/2021\/04\/88ef9013-4599-4104-b34c-69b8cda627a1-1024x1024.jpeg 1024w, https:\/\/www.enter2.eu\/app\/wp-content\/uploads\/2021\/04\/88ef9013-4599-4104-b34c-69b8cda627a1-300x300.jpeg 300w, https:\/\/www.enter2.eu\/app\/wp-content\/uploads\/2021\/04\/88ef9013-4599-4104-b34c-69b8cda627a1-150x150.jpeg 150w, https:\/\/www.enter2.eu\/app\/wp-content\/uploads\/2021\/04\/88ef9013-4599-4104-b34c-69b8cda627a1-768x768.jpeg 768w, https:\/\/www.enter2.eu\/app\/wp-content\/uploads\/2021\/04\/88ef9013-4599-4104-b34c-69b8cda627a1.jpeg 1080w\" sizes=\"auto, (max-width: 1024px) 100vw, 1024px\" \/><\/figure>\n<\/div>\n\n\n\n<div class=\"wp-block-column is-layout-flow wp-block-column-is-layout-flow\">\n<figure class=\"wp-block-image size-large\"><img loading=\"lazy\" decoding=\"async\" width=\"1422\" height=\"1424\" src=\"https:\/\/www.enter2.eu\/app\/wp-content\/uploads\/2021\/07\/DSC_6270-1-e1626178750237-edited-e1626178868921-edited.jpg\" alt=\"\" class=\"wp-image-847\" srcset=\"https:\/\/www.enter2.eu\/app\/wp-content\/uploads\/2021\/07\/DSC_6270-1-e1626178750237-edited-e1626178868921-edited.jpg 1422w, https:\/\/www.enter2.eu\/app\/wp-content\/uploads\/2021\/07\/DSC_6270-1-e1626178750237-edited-e1626178868921-edited-300x300.jpg 300w, https:\/\/www.enter2.eu\/app\/wp-content\/uploads\/2021\/07\/DSC_6270-1-e1626178750237-edited-e1626178868921-edited-1024x1024.jpg 1024w, https:\/\/www.enter2.eu\/app\/wp-content\/uploads\/2021\/07\/DSC_6270-1-e1626178750237-edited-e1626178868921-edited-150x150.jpg 150w, https:\/\/www.enter2.eu\/app\/wp-content\/uploads\/2021\/07\/DSC_6270-1-e1626178750237-edited-e1626178868921-edited-768x769.jpg 768w\" sizes=\"auto, (max-width: 1422px) 100vw, 1422px\" \/><\/figure>\n<\/div>\n<\/div>\n\n\n\n<div class=\"wp-block-group\"><div class=\"wp-block-group__inner-container is-layout-flow wp-block-group-is-layout-flow\">\n<div class=\"wp-block-columns has-background is-layout-flex wp-container-core-columns-is-layout-7 wp-block-columns-is-layout-flex\" style=\"background-color:#2d237c\">\n<div class=\"wp-block-column is-vertically-aligned-center is-layout-flow wp-block-column-is-layout-flow\">\n<figure class=\"wp-block-image size-large ticss-2f336e80\"><a href=\"https:\/\/goo.gl\/maps\/KpMLyHZqhHctFbeW9\" target=\"_blank\" rel=\"noopener\"><img decoding=\"async\" src=\"https:\/\/www.enter2.eu\/app\/wp-content\/uploads\/2021\/07\/Europe-Map.svg\" alt=\"\" class=\"wp-image-651\"\/><\/a><\/figure>\n<\/div>\n\n\n\n<div class=\"wp-block-column is-vertically-aligned-top is-layout-flow wp-block-column-is-layout-flow\">\n<div class=\"wp-block-image\"><figure class=\"aligncenter size-large\"><img decoding=\"async\" src=\"https:\/\/www.enter2.eu\/app\/wp-content\/uploads\/2021\/06\/Logo-enter2-white.svg\" alt=\"\" class=\"wp-image-357\"\/><\/figure><\/div>\n\n\n\n<h4 class=\"alignfull has-white-color has-text-color wp-block-heading\">CONTACT<\/h4>\n\n\n\n<h4 class=\"alignfull has-white-color has-text-color wp-block-heading\">Enter 2 \u2013 Fabbrica <br>di produzione <br>di vestiti<\/h4>\n\n\n\n<p class=\"has-white-color has-text-color has-small-font-size\"><a rel=\"noreferrer noopener\" href=\"https:\/\/goo.gl\/maps\/KpMLyHZqhHctFbeW9\" target=\"_blank\">Via V\u0103deni 14<br>Br\u0103ila, Rom\u00e2nia<\/a><\/p>\n\n\n\n<p class=\"has-white-color has-text-color has-small-font-size\">T:&nbsp;<a href=\"tel:+40239 614224\">0239 614 224<\/a><br>M:&nbsp;<a href=\"tel:+40722408840\">0722 408 840<\/a><br>E:&nbsp;<a href=\"mailto:manager@enterprisesbr.ro\">manager@enterprisesbr.ro<\/a><\/p>\n<\/div>\n\n\n\n<div style=\"--col-width:;\" class=\"wp-block-column is-vertically-aligned-center is-layout-flow wp-block-column-is-layout-flow\">\n<div class=\"alignwide wp-block-ugb-image-box ugb-image-box ugb-3f07325 ugb-image-box--v4 ugb-image-box--columns-1 ugb-image-box--design-plain ugb-image-box--effect-zoom-out ugb-image-box--align-center ugb-main-block ugb--hide-tablet ugb--hide-mobile\"><style>.ugb-3f07325 .ugb-image-box__box{border-radius:0px !important}.ugb-3f07325 .ugb-image-box__item{height:416px !important;justify-content:center !important}.ugb-3f07325 .ugb-image-box__item1 .ugb-image-box__image{background-image:url(https:\/\/www.enter2.eu\/app\/wp-content\/uploads\/2021\/07\/poza-intrare-e1626171132515.png)}.ugb-3f07325 .ugb-image-box__item2 .ugb-image-box__image{background-image:url(https:\/\/d3gt1urn7320t9.cloudfront.net\/library\/block-image-box-lume-image-box-2\/image-2-url.jpg)}.ugb-3f07325 .ugb-image-box__item3 .ugb-image-box__image{background-image:url(https:\/\/d3gt1urn7320t9.cloudfront.net\/library\/block-image-box-lume-image-box-2\/image-3-url.jpg)}.ugb-3f07325 .ugb-image-box__image{background-position:bottom center !important}.ugb-3f07325 .ugb-image-box__overlay{background-color:var(--stk-global-color-52097,#111111) !important}.ugb-3f07325 .ugb-image-box__item:not(:hover) .ugb-image-box__overlay{opacity:0.2 !important}.ugb-3f07325 .ugb-image-box__overlay-hover{background-color:var(--stk-global-color-52097,#111111) !important}.ugb-3f07325 .ugb-image-box__item:hover .ugb-image-box__overlay-hover{opacity:0.5 !important}.ugb-3f07325 .ugb-inner-block{text-align:center}@media screen and (min-width:768px){.ugb-3f07325.ugb-image-box{padding-top:5% !important;padding-bottom:5% !important}}@media screen and (min-width:768px) and (max-width:1025px){.ugb-3f07325 .ugb-image-box__item{height:300px !important}}@media screen and (max-width:768px){.ugb-3f07325 .ugb-image-box__item{height:410px !important}}<\/style><div class=\"ugb-inner-block\"><div class=\"ugb-block-content\"><div class=\"ugb-image-box__item ugb-image-box__item1 ugb-image-box__box ugb--shadow-3\"><div class=\"ugb-image-box__box ugb-image-box__image-wrapper\"><div class=\"ugb-image-box__box ugb-image-box__image\" role=\"img\" aria-label=\"\"><\/div><\/div><div class=\"ugb-image-box__box ugb-image-box__overlay\"><\/div><div class=\"ugb-image-box__box ugb-image-box__overlay-hover\"><\/div><div class=\"ugb-image-box__content\"><\/div><\/div><\/div><\/div><\/div>\n<\/div>\n<\/div>\n<\/div><\/div>\n","protected":false},"excerpt":{"rendered":"<p>Avanti con passione La passione \u00e8 al centro di tutto quello che facciamo. E&#8217; quello che ci tiene ancorati alla realt\u00e0, quello che ci rende migliori, quello che ci ha sempre spinto nell\u2019innovazione dell&#8217;industria tessile, quello che ci ha fatto crescere e quello che ha reso famosi per il nostro lavoro. Affrontiamo ogni passo della&hellip; <a class=\"more-link\" href=\"https:\/\/www.enter2.eu\/it\/\">Continue reading <span class=\"screen-reader-text\">IT_Home<\/span><\/a><\/p>\n","protected":false},"author":1,"featured_media":155,"parent":0,"menu_order":0,"comment_status":"closed","ping_status":"closed","template":"","meta":{"_uag_custom_page_level_css":"","footnotes":""},"class_list":["post-870","page","type-page","status-publish","has-post-thumbnail","hentry","entry"],"featured_image_urls_v2":{"full":["https:\/\/www.enter2.eu\/app\/wp-content\/uploads\/2021\/02\/DSC_0647-scaled.jpg",2560,1189,false],"thumbnail":["https:\/\/www.enter2.eu\/app\/wp-content\/uploads\/2021\/02\/DSC_0647-150x150.jpg",150,150,true],"medium":["https:\/\/www.enter2.eu\/app\/wp-content\/uploads\/2021\/02\/DSC_0647-300x139.jpg",300,139,true],"medium_large":["https:\/\/www.enter2.eu\/app\/wp-content\/uploads\/2021\/02\/DSC_0647-768x357.jpg",750,349,true],"large":["https:\/\/www.enter2.eu\/app\/wp-content\/uploads\/2021\/02\/DSC_0647-1024x476.jpg",750,349,true],"1536x1536":["https:\/\/www.enter2.eu\/app\/wp-content\/uploads\/2021\/02\/DSC_0647-1536x714.jpg",1536,714,true],"2048x2048":["https:\/\/www.enter2.eu\/app\/wp-content\/uploads\/2021\/02\/DSC_0647-2048x951.jpg",2048,951,true],"post-thumbnail":["https:\/\/www.enter2.eu\/app\/wp-content\/uploads\/2021\/02\/DSC_0647-1568x728.jpg",1568,728,true]},"post_excerpt_stackable_v2":"<p>Avanti con passione La passione \u00e8 al centro di tutto quello che facciamo. E&#8217; quello che ci tiene ancorati alla realt\u00e0, quello che ci rende migliori, quello che ci ha sempre spinto nell\u2019innovazione dell&#8217;industria tessile, quello che ci ha fatto crescere e quello che ha reso famosi per il nostro lavoro. Affrontiamo ogni passo della nostra vita professionale con passione: ogni momento, ogni articolo che nasce nella nostra fabbrica, ogni nostra collaborazione con il cliente, ci assicurano che metteremo sempre con la passione nel nostro lavoro. Questo \u00e8 il nostro valore principale che ci ha guidato fino ad oggi. Sin&hellip;<\/p>\n","category_list_v2":"","author_info_v2":{"name":"admin","url":"https:\/\/www.enter2.eu\/it\/author\/admin_enter\/"},"comments_num_v2":"0 comments","uagb_featured_image_src":{"full":["https:\/\/www.enter2.eu\/app\/wp-content\/uploads\/2021\/02\/DSC_0647-scaled.jpg",2560,1189,false],"thumbnail":["https:\/\/www.enter2.eu\/app\/wp-content\/uploads\/2021\/02\/DSC_0647-150x150.jpg",150,150,true],"medium":["https:\/\/www.enter2.eu\/app\/wp-content\/uploads\/2021\/02\/DSC_0647-300x139.jpg",300,139,true],"medium_large":["https:\/\/www.enter2.eu\/app\/wp-content\/uploads\/2021\/02\/DSC_0647-768x357.jpg",750,349,true],"large":["https:\/\/www.enter2.eu\/app\/wp-content\/uploads\/2021\/02\/DSC_0647-1024x476.jpg",750,349,true],"1536x1536":["https:\/\/www.enter2.eu\/app\/wp-content\/uploads\/2021\/02\/DSC_0647-1536x714.jpg",1536,714,true],"2048x2048":["https:\/\/www.enter2.eu\/app\/wp-content\/uploads\/2021\/02\/DSC_0647-2048x951.jpg",2048,951,true],"post-thumbnail":["https:\/\/www.enter2.eu\/app\/wp-content\/uploads\/2021\/02\/DSC_0647-1568x728.jpg",1568,728,true]},"uagb_author_info":{"display_name":"admin","author_link":"https:\/\/www.enter2.eu\/it\/author\/admin_enter\/"},"uagb_comment_info":0,"uagb_excerpt":"Avanti con passione La passione \u00e8 al centro di tutto quello che facciamo. E&#8217; quello che ci tiene ancorati alla realt\u00e0, quello che ci rende migliori, quello che ci ha sempre spinto nell\u2019innovazione dell&#8217;industria tessile, quello che ci ha fatto crescere e quello che ha reso famosi per il nostro lavoro. Affrontiamo ogni passo della&hellip;&hellip;","jetpack_sharing_enabled":true,"_links":{"self":[{"href":"https:\/\/www.enter2.eu\/it\/wp-json\/wp\/v2\/pages\/870","targetHints":{"allow":["GET"]}}],"collection":[{"href":"https:\/\/www.enter2.eu\/it\/wp-json\/wp\/v2\/pages"}],"about":[{"href":"https:\/\/www.enter2.eu\/it\/wp-json\/wp\/v2\/types\/page"}],"author":[{"embeddable":true,"href":"https:\/\/www.enter2.eu\/it\/wp-json\/wp\/v2\/users\/1"}],"replies":[{"embeddable":true,"href":"https:\/\/www.enter2.eu\/it\/wp-json\/wp\/v2\/comments?post=870"}],"version-history":[{"count":4,"href":"https:\/\/www.enter2.eu\/it\/wp-json\/wp\/v2\/pages\/870\/revisions"}],"predecessor-version":[{"id":895,"href":"https:\/\/www.enter2.eu\/it\/wp-json\/wp\/v2\/pages\/870\/revisions\/895"}],"wp:featuredmedia":[{"embeddable":true,"href":"https:\/\/www.enter2.eu\/it\/wp-json\/wp\/v2\/media\/155"}],"wp:attachment":[{"href":"https:\/\/www.enter2.eu\/it\/wp-json\/wp\/v2\/media?parent=870"}],"curies":[{"name":"wp","href":"https:\/\/api.w.org\/{rel}","templated":true}]}}